{"id":1870,"date":"2020-09-10T06:03:46","date_gmt":"2020-09-10T03:03:46","guid":{"rendered":"https:\/\/mywebgift-com.vserver.zonevs.eu\/cart-2\/"},"modified":"2025-02-18T19:28:19","modified_gmt":"2025-02-18T17:28:19","slug":"cart-2","status":"publish","type":"page","link":"https:\/\/staging01.mywebgift.com\/et\/cart-2\/","title":{"rendered":"Ostukorv"},"content":{"rendered":"\n","protected":false},"excerpt":{"rendered":"","protected":false},"author":245174300,"featured_media":0,"parent":0,"menu_order":0,"comment_status":"closed","ping_status":"closed","template":"","meta":{"site-sidebar-layout":"default","site-content-layout":"","ast-site-content-layout":"default","site-content-style":"default","site-sidebar-style":"default","ast-global-header-display":"","ast-banner-title-visibility":"","ast-main-header-display":"","ast-hfb-above-header-display":"","ast-hfb-below-header-display":"","ast-hfb-mobile-header-display":"","site-post-title":"","ast-breadcrumbs-content":"","ast-featured-img":"","footer-sml-layout":"","theme-transparent-header-meta":"","adv-header-id-meta":"","stick-header-meta":"","header-above-stick-meta":"","header-main-stick-meta":"","header-below-stick-meta":"","astra-migrate-meta-layouts":"default","ast-page-background-enabled":"default","ast-page-background-meta":{"desktop":{"background-color":"","background-image":"","background-repeat":"repeat","background-position":"center center","background-size":"auto","background-attachment":"scroll","background-type":"","background-media":"","overlay-type":"","overlay-color":"","overlay-opacity":"","overlay-gradient":""},"tablet":{"background-color":"","background-image":"","background-repeat":"repeat","background-position":"center center","background-size":"auto","background-attachment":"scroll","background-type":"","background-media":"","overlay-type":"","overlay-color":"","overlay-opacity":"","overlay-gradient":""},"mobile":{"background-color":"","background-image":"","background-repeat":"repeat","background-position":"center center","background-size":"auto","background-attachment":"scroll","background-type":"","background-media":"","overlay-type":"","overlay-color":"","overlay-opacity":"","overlay-gradient":""}},"ast-content-background-meta":{"desktop":{"background-color":"var(--ast-global-color-5)","background-image":"","background-repeat":"repeat","background-position":"center center","background-size":"auto","background-attachment":"scroll","background-type":"","background-media":"","overlay-type":"","overlay-color":"","overlay-opacity":"","overlay-gradient":""},"tablet":{"background-color":"var(--ast-global-color-5)","background-image":"","background-repeat":"repeat","background-position":"center center","background-size":"auto","background-attachment":"scroll","background-type":"","background-media":"","overlay-type":"","overlay-color":"","overlay-opacity":"","overlay-gradient":""},"mobile":{"background-color":"var(--ast-global-color-5)","background-image":"","background-repeat":"repeat","background-position":"center center","background-size":"auto","background-attachment":"scroll","background-type":"","background-media":"","overlay-type":"","overlay-color":"","overlay-opacity":"","overlay-gradient":""}},"advanced_seo_description":"","jetpack_seo_html_title":"","jetpack_seo_noindex":false,"jetpack_post_was_ever_published":false,"footnotes":""},"class_list":["post-1870","page","type-page","status-publish","hentry"],"jetpack_sharing_enabled":true,"jetpack_shortlink":"https:\/\/wp.me\/PgeZI3-ua","jetpack-related-posts":[{"id":4912,"url":"https:\/\/staging01.mywebgift.com\/et\/terms-and-conditions-2\/","url_meta":{"origin":1870,"position":0},"title":"T\u00fc\u00fcptingimused L\u00f5ppkasutajatele","author":"Nataliia Ozirianska","date":"01\/11\/2024","format":false,"excerpt":"T\u00fc\u00fcptingimused L\u00f5ppkasutajatele T\u00fc\u00fcptingimused L\u00f5ppkasutajatele K\u00e4esolevad T\u00fc\u00fcptingimused (\"T\u00fc\u00fcptingimused\") reguleerivad MyWebGift O\u00dc platvormi www.MyWebGift.com kaudu m\u00fc\u00fcdavate Kinkekaartide (\"Kinkekaart\") ostmist ja kasutamist. Kinkekaarte v\u00e4ljastavad Koost\u00f6\u00f6partnerid, kes kasutavad MyWebGift O\u00dc platvormi oma Kinkekaartide m\u00fc\u00fcgiks. MyWebGift O\u00dc platvorm ei ole Kinkekaartide v\u00e4ljastaja ja tegutseb \u00fcksnes vahendajana ostjate ja v\u00e4ljastavate Koost\u00f6\u00f6partnerite vaheliste tehingute vahendamisel. Kingitusekaardi ostmise\u2026","rel":"","context":"Similar post","block_context":{"text":"Similar post","link":""},"img":{"alt_text":"","src":"","width":0,"height":0},"classes":[]}],"_links":{"self":[{"href":"https:\/\/staging01.mywebgift.com\/et\/wp-json\/wp\/v2\/pages\/1870","targetHints":{"allow":["GET"]}}],"collection":[{"href":"https:\/\/staging01.mywebgift.com\/et\/wp-json\/wp\/v2\/pages"}],"about":[{"href":"https:\/\/staging01.mywebgift.com\/et\/wp-json\/wp\/v2\/types\/page"}],"author":[{"embeddable":true,"href":"https:\/\/staging01.mywebgift.com\/et\/wp-json\/wp\/v2\/users\/245174300"}],"replies":[{"embeddable":true,"href":"https:\/\/staging01.mywebgift.com\/et\/wp-json\/wp\/v2\/comments?post=1870"}],"version-history":[{"count":1,"href":"https:\/\/staging01.mywebgift.com\/et\/wp-json\/wp\/v2\/pages\/1870\/revisions"}],"predecessor-version":[{"id":7269,"href":"https:\/\/staging01.mywebgift.com\/et\/wp-json\/wp\/v2\/pages\/1870\/revisions\/7269"}],"wp:attachment":[{"href":"https:\/\/staging01.mywebgift.com\/et\/wp-json\/wp\/v2\/media?parent=1870"}],"curies":[{"name":"wp","href":"https:\/\/api.w.org\/{rel}","templated":true}]}}