{"id":1872,"date":"2020-09-10T05:59:57","date_gmt":"2020-09-10T02:59:57","guid":{"rendered":"https:\/\/mywebgift-com.vserver.zonevs.eu\/my-account-2\/"},"modified":"2024-10-28T19:55:00","modified_gmt":"2024-10-28T17:55:00","slug":"my-account-2","status":"publish","type":"page","link":"https:\/\/staging01.mywebgift.com\/et\/my-account-2\/","title":{"rendered":"Minu konto"},"content":{"rendered":"<div class=\"woocommerce\"><\/div>\n","protected":false},"excerpt":{"rendered":"","protected":false},"author":245174300,"featured_media":0,"parent":0,"menu_order":0,"comment_status":"closed","ping_status":"closed","template":"","meta":{"site-sidebar-layout":"default","site-content-layout":"","ast-site-content-layout":"default","site-content-style":"default","site-sidebar-style":"default","ast-global-header-display":"","ast-banner-title-visibility":"","ast-main-header-display":"","ast-hfb-above-header-display":"","ast-hfb-below-header-display":"","ast-hfb-mobile-header-display":"","site-post-title":"","ast-breadcrumbs-content":"","ast-featured-img":"","footer-sml-layout":"","theme-transparent-header-meta":"","adv-header-id-meta":"","stick-header-meta":"","header-above-stick-meta":"","header-main-stick-meta":"","header-below-stick-meta":"","astra-migrate-meta-layouts":"default","ast-page-background-enabled":"default","ast-page-background-meta":{"desktop":{"background-color":"","background-image":"","background-repeat":"repeat","background-position":"center center","background-size":"auto","background-attachment":"scroll","background-type":"","background-media":"","overlay-type":"","overlay-color":"","overlay-opacity":"","overlay-gradient":""},"tablet":{"background-color":"","background-image":"","background-repeat":"repeat","background-position":"center center","background-size":"auto","background-attachment":"scroll","background-type":"","background-media":"","overlay-type":"","overlay-color":"","overlay-opacity":"","overlay-gradient":""},"mobile":{"background-color":"","background-image":"","background-repeat":"repeat","background-position":"center center","background-size":"auto","background-attachment":"scroll","background-type":"","background-media":"","overlay-type":"","overlay-color":"","overlay-opacity":"","overlay-gradient":""}},"ast-content-background-meta":{"desktop":{"background-color":"var(--ast-global-color-5)","background-image":"","background-repeat":"repeat","background-position":"center center","background-size":"auto","background-attachment":"scroll","background-type":"","background-media":"","overlay-type":"","overlay-color":"","overlay-opacity":"","overlay-gradient":""},"tablet":{"background-color":"var(--ast-global-color-5)","background-image":"","background-repeat":"repeat","background-position":"center center","background-size":"auto","background-attachment":"scroll","background-type":"","background-media":"","overlay-type":"","overlay-color":"","overlay-opacity":"","overlay-gradient":""},"mobile":{"background-color":"var(--ast-global-color-5)","background-image":"","background-repeat":"repeat","background-position":"center center","background-size":"auto","background-attachment":"scroll","background-type":"","background-media":"","overlay-type":"","overlay-color":"","overlay-opacity":"","overlay-gradient":""}},"advanced_seo_description":"","jetpack_seo_html_title":"","jetpack_seo_noindex":false,"jetpack_post_was_ever_published":false,"footnotes":""},"class_list":["post-1872","page","type-page","status-publish","hentry"],"jetpack_sharing_enabled":true,"jetpack_shortlink":"https:\/\/wp.me\/PgeZI3-uc","jetpack-related-posts":[{"id":3706,"url":"https:\/\/staging01.mywebgift.com\/et\/registeeri-partneriks\/","url_meta":{"origin":1872,"position":0},"title":"Hakka Koost\u00f6\u00f6partneriks","author":"Nataliia Ozirianska","date":"28\/07\/2024","format":false,"excerpt":"Registeeri Koost\u00f6\u00f6partneriks Miks valida meid? MyWebGiftis m\u00f5istame v\u00e4ikeettev\u00f5tete ees seisvaid v\u00e4ljakutseid ja meie meeskond on p\u00fchendunud nende lahendustele, mis teevad elu lihtsamaks. Meie intuitiivse digitaalsete kinkeaartidelahenduste platvormi kaasabil saate luua uue m\u00fc\u00fcgikanali ja tugevdada olemasolevaid kliendisuhteid. Meie eelised Kliendip\u00f5hised lahendused: kohandatud kinkekaardilahendused, mis vastavad teie soovidele ja vajadustele. Kergesti integreeritav:\u2026","rel":"","context":"Similar post","block_context":{"text":"Similar post","link":""},"img":{"alt_text":"Loading","src":"https:\/\/staging01.mywebgift.com\/wp-content\/plugins\/wpforms\/assets\/images\/submit-spin.svg","width":350,"height":200},"classes":[]},{"id":6261,"url":"https:\/\/staging01.mywebgift.com\/et\/terms-and-conditions-for-business-partners\/","url_meta":{"origin":1872,"position":1},"title":"T\u00fc\u00fcptingimused Koost\u00f6\u00f6partneritele","author":"Nataliia Ozirianska","date":"13\/12\/2024","format":false,"excerpt":"T\u00fc\u00fcptingimused Koost\u00f6\u00f6partneritele T\u00fc\u00fcptingimused Koost\u00f6\u00f6partneritele Teenuseid (nagu on m\u00e4\u00e4ratletud allpool) pakutakse Koost\u00f6\u00f6partnerile (nagu on m\u00e4\u00e4ratletud allpool) tingimusel, et ta n\u00f5ustub ilma muudatusteta t\u00fc\u00fcptingimustega (nagu on m\u00e4\u00e4ratletud allpool). K\u00e4esolevad kasutustingimused sisaldavad tingimusi, mis reguleerivad koost\u00f6\u00f6partnerite juurdep\u00e4\u00e4su teenustele ja nende kasutamist. 1. M\u00d5ISTED 1.1. Kasutajakonto \u2013 vahend, mille abil saab juurdep\u00e4\u00e4su Veebilehe teenustele\u2026","rel":"","context":"Similar post","block_context":{"text":"Similar post","link":""},"img":{"alt_text":"","src":"","width":0,"height":0},"classes":[]}],"_links":{"self":[{"href":"https:\/\/staging01.mywebgift.com\/et\/wp-json\/wp\/v2\/pages\/1872","targetHints":{"allow":["GET"]}}],"collection":[{"href":"https:\/\/staging01.mywebgift.com\/et\/wp-json\/wp\/v2\/pages"}],"about":[{"href":"https:\/\/staging01.mywebgift.com\/et\/wp-json\/wp\/v2\/types\/page"}],"author":[{"embeddable":true,"href":"https:\/\/staging01.mywebgift.com\/et\/wp-json\/wp\/v2\/users\/245174300"}],"replies":[{"embeddable":true,"href":"https:\/\/staging01.mywebgift.com\/et\/wp-json\/wp\/v2\/comments?post=1872"}],"version-history":[{"count":1,"href":"https:\/\/staging01.mywebgift.com\/et\/wp-json\/wp\/v2\/pages\/1872\/revisions"}],"predecessor-version":[{"id":4741,"href":"https:\/\/staging01.mywebgift.com\/et\/wp-json\/wp\/v2\/pages\/1872\/revisions\/4741"}],"wp:attachment":[{"href":"https:\/\/staging01.mywebgift.com\/et\/wp-json\/wp\/v2\/media?parent=1872"}],"curies":[{"name":"wp","href":"https:\/\/api.w.org\/{rel}","templated":true}]}}