{"id":4658,"date":"2024-09-29T17:24:54","date_gmt":"2024-09-29T14:24:54","guid":{"rendered":"https:\/\/staging01.mywebgift.com\/meie-kohta\/"},"modified":"2025-04-06T17:44:00","modified_gmt":"2025-04-06T14:44:00","slug":"meie-kohta","status":"publish","type":"page","link":"https:\/\/staging01.mywebgift.com\/et\/meie-kohta\/","title":{"rendered":"Meist"},"content":{"rendered":"\t\t<div data-elementor-type=\"wp-page\" data-elementor-id=\"4658\" class=\"elementor elementor-4658 elementor-4456\">\n\t\t\t\t<div class=\"elementor-element elementor-element-a3315aa e-flex e-con-boxed e-con e-parent\" data-id=\"a3315aa\" data-element_type=\"container\" data-e-type=\"container\">\n\t\t\t\t\t<div class=\"e-con-inner\">\n\t\t\t\t<div class=\"elementor-element elementor-element-c1e5624 elementor-widget elementor-widget-heading\" data-id=\"c1e5624\" data-element_type=\"widget\" data-e-type=\"widget\" data-widget_type=\"heading.default\">\n\t\t\t\t<div class=\"elementor-widget-container\">\n\t\t\t\t\t<h1 class=\"elementor-heading-title elementor-size-default\">Meist<\/h1>\t\t\t\t<\/div>\n\t\t\t\t<\/div>\n\t\t\t\t\t<\/div>\n\t\t\t\t<\/div>\n\t\t<div class=\"elementor-element elementor-element-5b041fb e-flex e-con-boxed e-con e-parent\" data-id=\"5b041fb\" data-element_type=\"container\" data-e-type=\"container\">\n\t\t\t\t\t<div class=\"e-con-inner\">\n\t\t<div class=\"elementor-element elementor-element-76fc077 e-con-full e-flex e-con e-child\" data-id=\"76fc077\" data-element_type=\"container\" data-e-type=\"container\">\n\t\t\t\t<div class=\"elementor-element elementor-element-3f7de92 elementor-widget__width-initial elementor-widget elementor-widget-heading\" data-id=\"3f7de92\" data-element_type=\"widget\" data-e-type=\"widget\" data-widget_type=\"heading.default\">\n\t\t\t\t<div class=\"elementor-widget-container\">\n\t\t\t\t\t<h4 class=\"elementor-heading-title elementor-size-default\">Kes me oleme?<\/h4>\t\t\t\t<\/div>\n\t\t\t\t<\/div>\n\t\t\t\t<div class=\"elementor-element elementor-element-46d8e62 elementor-widget elementor-widget-text-editor\" data-id=\"46d8e62\" data-element_type=\"widget\" data-e-type=\"widget\" data-widget_type=\"text-editor.default\">\n\t\t\t\t<div class=\"elementor-widget-container\">\n\t\t\t\t\t\t\t\t\t<p><span style=\"font-weight: 400;\"> <\/span><\/p><p><span style=\"font-weight: 400;\">MyWebGift O\u00dc on digitaalseid kinkekaardilahendusi pakkuv platvorm nii v\u00e4ikestele kui ka keskmise suurusega ettev\u00f5tetele. <\/span><\/p><p><span style=\"font-weight: 400;\">Mugavad ja kiired digitaalsed kinkekaardilahendused on kasutamiseks nii kohalikele kui ka rahvusvahelistele \u00e4ridele. <\/span><\/p><p><span style=\"font-weight: 400;\">Meie suur soov on, et Teie \u00e4ri kliendibaas ja m\u00fc\u00fcgimaht kasvaks. Lisaks saate olemasolevaid kliente kaasata kui ka hoida lojaalsetena l\u00e4bi kinkekaartide imelise maailma.<\/span><\/p><p><span style=\"font-weight: 400;\"> <\/span><\/p>\t\t\t\t\t\t\t\t<\/div>\n\t\t\t\t<\/div>\n\t\t\t\t<div class=\"elementor-element elementor-element-71511a4 elementor-widget elementor-widget-text-editor\" data-id=\"71511a4\" data-element_type=\"widget\" data-e-type=\"widget\" data-widget_type=\"text-editor.default\">\n\t\t\t\t<div class=\"elementor-widget-container\">\n\t\t\t\t\t\t\t\t\t<p><b>Mida Me Pakume?<\/b><\/p><p>1. Lihtsasti kasutatav platvorm: kasutajas\u00f5bralik platvorm v\u00f5imaldab h\u00f5lpsasti luua, hallata ja m\u00fc\u00fca digitaalseid kinkekaarte. Tehnilisi erioskusi v\u00f5i teadmisi ei l\u00e4he vaja!<\/p><p>2. Kliendip\u00f5hised lahendused: kohandatud kinkekaardilahendused, mis vastavad teie soovidele ja vajadustele, olenemata sellest, kas olete kohviku, butiiki, ilusalongi v\u00f5i muu tegevusalaga seotud v\u00e4ikeettev\u00f5tja.<\/p><p>3. Kasv ja kaasamine: digitaalsete kinkekaardilahendustega saate suurendada nii m\u00fc\u00fcki kui ka kliendibaasi ning parendada klientide lojaalsust.<\/p>\t\t\t\t\t\t\t\t<\/div>\n\t\t\t\t<\/div>\n\t\t\t\t<div class=\"elementor-element elementor-element-7c8dae6 elementor-align-center elementor-widget elementor-widget-button\" data-id=\"7c8dae6\" data-element_type=\"widget\" data-e-type=\"widget\" data-widget_type=\"button.default\">\n\t\t\t\t<div class=\"elementor-widget-container\">\n\t\t\t\t\t\t\t\t\t<div class=\"elementor-button-wrapper\">\n\t\t\t\t\t<a class=\"elementor-button elementor-button-link elementor-size-sm\" href=\"https:\/\/staging01.mywebgift.com\/et\/kuidas-kasvatada\/\" id=\"sell\">\n\t\t\t\t\t\t<span class=\"elementor-button-content-wrapper\">\n\t\t\t\t\t\t\t\t\t<span class=\"elementor-button-text\">Uuri lisaks, kuidas oma \u00e4ri kasvatada<\/span>\n\t\t\t\t\t<\/span>\n\t\t\t\t\t<\/a>\n\t\t\t\t<\/div>\n\t\t\t\t\t\t\t\t<\/div>\n\t\t\t\t<\/div>\n\t\t\t\t<\/div>\n\t\t<div class=\"elementor-element elementor-element-e53f519 e-con-full e-flex e-con e-child\" data-id=\"e53f519\" data-element_type=\"container\" data-e-type=\"container\">\n\t\t\t\t<div class=\"elementor-element elementor-element-2c201f3 elementor-widget__width-initial elementor-widget elementor-widget-image\" data-id=\"2c201f3\" data-element_type=\"widget\" data-e-type=\"widget\" data-widget_type=\"image.default\">\n\t\t\t\t<div class=\"elementor-widget-container\">\n\t\t\t\t\t\t\t\t\t\t\t\t\t\t\t<img decoding=\"async\" src=\"https:\/\/i0.wp.com\/staging01.mywebgift.com\/wp-content\/uploads\/2024\/09\/Untitled-design-5.png?fit=900%2C1200&#038;ssl=1\" title=\"Untitled design (5)\" alt=\"Untitled design (5)\" loading=\"lazy\" \/>\t\t\t\t\t\t\t\t\t\t\t\t\t\t\t<\/div>\n\t\t\t\t<\/div>\n\t\t\t\t<\/div>\n\t\t\t\t\t<\/div>\n\t\t\t\t<\/div>\n\t\t<div class=\"elementor-element elementor-element-8c0d98e e-flex e-con-boxed e-con e-parent\" data-id=\"8c0d98e\" data-element_type=\"container\" data-e-type=\"container\" data-settings=\"{&quot;background_background&quot;:&quot;classic&quot;}\">\n\t\t\t\t\t<div class=\"e-con-inner\">\n\t\t<div class=\"elementor-element elementor-element-7a54350 e-con-full e-flex e-con e-child\" data-id=\"7a54350\" data-element_type=\"container\" data-e-type=\"container\">\n\t\t\t\t<div class=\"elementor-element elementor-element-1a138f9 elementor-widget elementor-widget-spacer\" data-id=\"1a138f9\" data-element_type=\"widget\" data-e-type=\"widget\" data-widget_type=\"spacer.default\">\n\t\t\t\t<div class=\"elementor-widget-container\">\n\t\t\t\t\t\t\t<div class=\"elementor-spacer\">\n\t\t\t<div class=\"elementor-spacer-inner\"><\/div>\n\t\t<\/div>\n\t\t\t\t\t\t<\/div>\n\t\t\t\t<\/div>\n\t\t\t\t<div class=\"elementor-element elementor-element-8e1062f elementor-view-framed elementor-shape-circle elementor-position-block-start elementor-mobile-position-block-start elementor-widget elementor-widget-icon-box\" data-id=\"8e1062f\" data-element_type=\"widget\" data-e-type=\"widget\" data-widget_type=\"icon-box.default\">\n\t\t\t\t<div class=\"elementor-widget-container\">\n\t\t\t\t\t\t\t<div class=\"elementor-icon-box-wrapper\">\n\n\t\t\t\t\t\t<div class=\"elementor-icon-box-icon\">\n\t\t\t\t<span  class=\"elementor-icon\">\n\t\t\t\t<svg aria-hidden=\"true\" class=\"e-font-icon-svg e-far-handshake\" viewBox=\"0 0 640 512\" xmlns=\"http:\/\/www.w3.org\/2000\/svg\"><path d=\"M519.2 127.9l-47.6-47.6A56.252 56.252 0 0 0 432 64H205.2c-14.8 0-29.1 5.9-39.6 16.3L118 127.9H0v255.7h64c17.6 0 31.8-14.2 31.9-31.7h9.1l84.6 76.4c30.9 25.1 73.8 25.7 105.6 3.8 12.5 10.8 26 15.9 41.1 15.9 18.2 0 35.3-7.4 48.8-24 22.1 8.7 48.2 2.6 64-16.8l26.2-32.3c5.6-6.9 9.1-14.8 10.9-23h57.9c.1 17.5 14.4 31.7 31.9 31.7h64V127.9H519.2zM48 351.6c-8.8 0-16-7.2-16-16s7.2-16 16-16 16 7.2 16 16c0 8.9-7.2 16-16 16zm390-6.9l-26.1 32.2c-2.8 3.4-7.8 4-11.3 1.2l-23.9-19.4-30 36.5c-6 7.3-15 4.8-18 2.4l-36.8-31.5-15.6 19.2c-13.9 17.1-39.2 19.7-55.3 6.6l-97.3-88H96V175.8h41.9l61.7-61.6c2-.8 3.7-1.5 5.7-2.3H262l-38.7 35.5c-29.4 26.9-31.1 72.3-4.4 101.3 14.8 16.2 61.2 41.2 101.5 4.4l8.2-7.5 108.2 87.8c3.4 2.8 3.9 7.9 1.2 11.3zm106-40.8h-69.2c-2.3-2.8-4.9-5.4-7.7-7.7l-102.7-83.4 12.5-11.4c6.5-6 7-16.1 1-22.6L367 167.1c-6-6.5-16.1-6.9-22.6-1l-55.2 50.6c-9.5 8.7-25.7 9.4-34.6 0-9.3-9.9-8.5-25.1 1.2-33.9l65.6-60.1c7.4-6.8 17-10.5 27-10.5l83.7-.2c2.1 0 4.1.8 5.5 2.3l61.7 61.6H544v128zm48 47.7c-8.8 0-16-7.2-16-16s7.2-16 16-16 16 7.2 16 16c0 8.9-7.2 16-16 16z\"><\/path><\/svg>\t\t\t\t<\/span>\n\t\t\t<\/div>\n\t\t\t\n\t\t\t\n\t\t<\/div>\n\t\t\t\t\t\t<\/div>\n\t\t\t\t<\/div>\n\t\t\t\t<div class=\"elementor-element elementor-element-cf9badb elementor-widget__width-initial elementor-widget-mobile__width-inherit elementor-widget elementor-widget-text-editor\" data-id=\"cf9badb\" data-element_type=\"widget\" data-e-type=\"widget\" data-widget_type=\"text-editor.default\">\n\t\t\t\t<div class=\"elementor-widget-container\">\n\t\t\t\t\t\t\t\t\t<p>Meil oleks hea meel n\u00e4idata Teile, kuidas meie kinkekaardilahenduste platvorm saab kasuks olla teie \u00e4rile. <span style=\"font-style: inherit; font-weight: inherit; text-align: var(--text-align); background-color: var(--ast-global-color-4); color: var(--ast-global-color-0);\">Seda saame teha \u00fcheskoos uurides erinevaid koost\u00f6\u00f6lahendusi. <\/span><span style=\"font-style: inherit; font-weight: inherit; text-align: var(--text-align); background-color: var(--ast-global-color-4); color: var(--ast-global-color-0);\">Soovides lisateavet saada, siis kindlasti v\u00f5tke julgelt \u00fchendust kasutades all olevaid kontakte. <\/span><\/p>\t\t\t\t\t\t\t\t<\/div>\n\t\t\t\t<\/div>\n\t\t\t\t<div class=\"elementor-element elementor-element-8e121a9 elementor-widget elementor-widget-heading\" data-id=\"8e121a9\" data-element_type=\"widget\" data-e-type=\"widget\" data-widget_type=\"heading.default\">\n\t\t\t\t<div class=\"elementor-widget-container\">\n\t\t\t\t\t<h4 class=\"elementor-heading-title elementor-size-default\">Kuidas \u00fchendust v\u00f5tta?<\/h4>\t\t\t\t<\/div>\n\t\t\t\t<\/div>\n\t\t\t\t<div class=\"elementor-element elementor-element-7ff55dd elementor-widget__width-initial elementor-widget-mobile__width-inherit elementor-widget elementor-widget-text-editor\" data-id=\"7ff55dd\" data-element_type=\"widget\" data-e-type=\"widget\" data-widget_type=\"text-editor.default\">\n\t\t\t\t<div class=\"elementor-widget-container\">\n\t\t\t\t\t\t\t\t\t<p>Kui on k\u00fcsimusi v\u00f5i vajate tehnilist abi?<\/p><p>Email: kontakt@mywebgift.com<\/p><p>Postitage e-kiri ja me vastame ca 24\u201348 tunni jooksul.<\/p><p>K\u00f5nesid v\u00f5tame vastu t\u00f6\u00f6p\u00e4evadel: <\/p><p>E-R: 9:00\u201317:00<\/p><p>Mob: +372 5818 8036 (EST, ENG, FIN)<br>Mob: +372 5615 8806 (RUS, UKR, ENG)<\/p>\t\t\t\t\t\t\t\t<\/div>\n\t\t\t\t<\/div>\n\t\t\t\t<\/div>\n\t\t\t\t\t<\/div>\n\t\t\t\t<\/div>\n\t\t\t\t<\/div>\n\t\t","protected":false},"excerpt":{"rendered":"<p>Meist Kes me oleme? MyWebGift O\u00dc on digitaalseid kinkekaardilahendusi pakkuv platvorm nii v\u00e4ikestele kui ka keskmise suurusega ettev\u00f5tetele. Mugavad ja kiired digitaalsed kinkekaardilahendused on kasutamiseks nii kohalikele kui ka rahvusvahelistele \u00e4ridele. Meie suur soov on, et Teie \u00e4ri kliendibaas ja m\u00fc\u00fcgimaht kasvaks. Lisaks saate olemasolevaid kliente kaasata kui ka hoida lojaalsetena l\u00e4bi kinkekaartide imelise maailma. [&hellip;]<\/p>\n","protected":false},"author":245174300,"featured_media":0,"parent":0,"menu_order":0,"comment_status":"closed","ping_status":"closed","template":"","meta":{"site-sidebar-layout":"no-sidebar","site-content-layout":"page-builder","ast-site-content-layout":"full-width-container","site-content-style":"default","site-sidebar-style":"default","ast-global-header-display":"","ast-banner-title-visibility":"","ast-main-header-display":"","ast-hfb-above-header-display":"","ast-hfb-below-header-display":"","ast-hfb-mobile-header-display":"","site-post-title":"disabled","ast-breadcrumbs-content":"","ast-featured-img":"disabled","footer-sml-layout":"","theme-transparent-header-meta":"","adv-header-id-meta":"","stick-header-meta":"","header-above-stick-meta":"","header-main-stick-meta":"","header-below-stick-meta":"","astra-migrate-meta-layouts":"default","ast-page-background-enabled":"default","ast-page-background-meta":{"desktop":{"background-color":"","background-image":"","background-repeat":"repeat","background-position":"center center","background-size":"auto","background-attachment":"scroll","background-type":"","background-media":"","overlay-type":"","overlay-color":"","overlay-opacity":"","overlay-gradient":""},"tablet":{"background-color":"","background-image":"","background-repeat":"repeat","background-position":"center center","background-size":"auto","background-attachment":"scroll","background-type":"","background-media":"","overlay-type":"","overlay-color":"","overlay-opacity":"","overlay-gradient":""},"mobile":{"background-color":"","background-image":"","background-repeat":"repeat","background-position":"center center","background-size":"auto","background-attachment":"scroll","background-type":"","background-media":"","overlay-type":"","overlay-color":"","overlay-opacity":"","overlay-gradient":""}},"ast-content-background-meta":{"desktop":{"background-color":"var(--ast-global-color-5)","background-image":"","background-repeat":"repeat","background-position":"center center","background-size":"auto","background-attachment":"scroll","background-type":"","background-media":"","overlay-type":"","overlay-color":"","overlay-opacity":"","overlay-gradient":""},"tablet":{"background-color":"var(--ast-global-color-5)","background-image":"","background-repeat":"repeat","background-position":"center center","background-size":"auto","background-attachment":"scroll","background-type":"","background-media":"","overlay-type":"","overlay-color":"","overlay-opacity":"","overlay-gradient":""},"mobile":{"background-color":"var(--ast-global-color-5)","background-image":"","background-repeat":"repeat","background-position":"center center","background-size":"auto","background-attachment":"scroll","background-type":"","background-media":"","overlay-type":"","overlay-color":"","overlay-opacity":"","overlay-gradient":""}},"advanced_seo_description":"","jetpack_seo_html_title":"","jetpack_seo_noindex":false,"jetpack_post_was_ever_published":false,"footnotes":""},"class_list":["post-4658","page","type-page","status-publish","hentry"],"jetpack_sharing_enabled":true,"jetpack_shortlink":"https:\/\/wp.me\/PgeZI3-1d8","jetpack-related-posts":[{"id":5406,"url":"https:\/\/staging01.mywebgift.com\/et\/privacy-notice\/","url_meta":{"origin":4658,"position":0},"title":"Privaatsusteade","author":"Nataliia Ozirianska","date":"03\/11\/2024","format":false,"excerpt":"Privaatsusteade K\u00e4esolevas Privaatsusteates selgitatakse, kuidas MyWebGift O\u00dc (\"MyWebGift\" v\u00f5i \"meie\") t\u00f6\u00f6tleb isikuandmeid - isikuandmed on igasugune teave tuvastatud v\u00f5i tuvastatava isiku kohta (\"teie\"). MyWebGift t\u00f6\u00f6tleb teie isikuandmeid koosk\u00f5las ELi Isikuandmete Kaitse \u00dcldm\u00e4\u00e4rusega (\"GDPR\") ja muude kohaldatavate isikuandmete kaitset k\u00e4sitlevate \u00f5igusaktidega. K\u00e4esoleva Privaatsusteate eesm\u00e4rk on anda teile k\u00f5ige olulisemad \u00fcksikasjad teie\u2026","rel":"","context":"Similar post","block_context":{"text":"Similar post","link":""},"img":{"alt_text":"","src":"","width":0,"height":0},"classes":[]},{"id":6253,"url":"https:\/\/staging01.mywebgift.com\/et\/kuidas-kasvatada\/","url_meta":{"origin":4658,"position":1},"title":"Kuidas oma \u00e4ri kasvatada?","author":"Nataliia Ozirianska","date":"07\/12\/2024","format":false,"excerpt":"Esita taotlus, et saada koost\u00f6\u00f6partneriks Kas soovite oma m\u00fc\u00fcki suurendada? Meie intuitiivne platvorm teeb kinkekaartide loomise, levitamise ja m\u00fc\u00fcmise v\u00e4ga kergeks. Avastage t\u00e4iesti uus m\u00fc\u00fcgikanal ja viige klientide lojaalsus uuele tasemele. M\u00fc\u00fcge rohkem MyWebGift.com-i kaasabil \u00dchildage meie kinkekaardilahendus sujuvalt oma sotsiaalmeediaplatvormide ja veebipoodidega, et suurendada m\u00fc\u00fcki. Jooksvaid kulusid pole Liituge\u2026","rel":"","context":"Similar post","block_context":{"text":"Similar post","link":""},"img":{"alt_text":"","src":"https:\/\/i0.wp.com\/mywebgift.com\/wp-content\/uploads\/2024\/12\/GCard.png?fit=300%2C300&ssl=1&resize=350%2C200","width":350,"height":200},"classes":[]},{"id":6861,"url":"https:\/\/staging01.mywebgift.com\/et\/cookie-policy\/","url_meta":{"origin":4658,"position":2},"title":"K\u00fcpsiste Poliitika (EL)","author":"Nataliia Ozirianska","date":"01\/02\/2025","format":false,"excerpt":"K\u00fcpsiste Poliitika (EL) K\u00e4esolevat K\u00fcpsiste poliitikat uuendati viimati 26\/01\/2025 ja see kehtib Euroopa Majanduspiirkonna ja \u0160veitsi kodanikele ning seaduslikele p\u00fcsielanikele. 1. Sissejuhatus Meie veebisait https:\/\/staging01.mywebgift.com (edaspidi \"veebisait\") kasutab k\u00fcpsiseid ja muid seotud tehnoloogiaid (mugavuse huvides nimetatakse k\u00f5iki tehnoloogiaid \"k\u00fcpsisteks\"). K\u00fcpsiseid kasutavad ka meie poolt kaasatud kolmandad isikud. Allj\u00e4rgnevas dokumendis teavitame\u2026","rel":"","context":"Similar post","block_context":{"text":"Similar post","link":""},"img":{"alt_text":"","src":"","width":0,"height":0},"classes":[]},{"id":4912,"url":"https:\/\/staging01.mywebgift.com\/et\/terms-and-conditions-2\/","url_meta":{"origin":4658,"position":3},"title":"T\u00fc\u00fcptingimused L\u00f5ppkasutajatele","author":"Nataliia Ozirianska","date":"01\/11\/2024","format":false,"excerpt":"T\u00fc\u00fcptingimused L\u00f5ppkasutajatele T\u00fc\u00fcptingimused L\u00f5ppkasutajatele K\u00e4esolevad T\u00fc\u00fcptingimused (\"T\u00fc\u00fcptingimused\") reguleerivad MyWebGift O\u00dc platvormi www.MyWebGift.com kaudu m\u00fc\u00fcdavate Kinkekaartide (\"Kinkekaart\") ostmist ja kasutamist. Kinkekaarte v\u00e4ljastavad Koost\u00f6\u00f6partnerid, kes kasutavad MyWebGift O\u00dc platvormi oma Kinkekaartide m\u00fc\u00fcgiks. MyWebGift O\u00dc platvorm ei ole Kinkekaartide v\u00e4ljastaja ja tegutseb \u00fcksnes vahendajana ostjate ja v\u00e4ljastavate Koost\u00f6\u00f6partnerite vaheliste tehingute vahendamisel. Kingitusekaardi ostmise\u2026","rel":"","context":"Similar post","block_context":{"text":"Similar post","link":""},"img":{"alt_text":"","src":"","width":0,"height":0},"classes":[]},{"id":6261,"url":"https:\/\/staging01.mywebgift.com\/et\/terms-and-conditions-for-business-partners\/","url_meta":{"origin":4658,"position":4},"title":"T\u00fc\u00fcptingimused Koost\u00f6\u00f6partneritele","author":"Nataliia Ozirianska","date":"13\/12\/2024","format":false,"excerpt":"T\u00fc\u00fcptingimused Koost\u00f6\u00f6partneritele T\u00fc\u00fcptingimused Koost\u00f6\u00f6partneritele Teenuseid (nagu on m\u00e4\u00e4ratletud allpool) pakutakse Koost\u00f6\u00f6partnerile (nagu on m\u00e4\u00e4ratletud allpool) tingimusel, et ta n\u00f5ustub ilma muudatusteta t\u00fc\u00fcptingimustega (nagu on m\u00e4\u00e4ratletud allpool). K\u00e4esolevad kasutustingimused sisaldavad tingimusi, mis reguleerivad koost\u00f6\u00f6partnerite juurdep\u00e4\u00e4su teenustele ja nende kasutamist. 1. M\u00d5ISTED 1.1. Kasutajakonto \u2013 vahend, mille abil saab juurdep\u00e4\u00e4su Veebilehe teenustele\u2026","rel":"","context":"Similar post","block_context":{"text":"Similar post","link":""},"img":{"alt_text":"","src":"","width":0,"height":0},"classes":[]},{"id":3671,"url":"https:\/\/staging01.mywebgift.com\/et\/","url_meta":{"origin":4658,"position":5},"title":"Esileht","author":"Nataliia Ozirianska","date":"05\/02\/2020","format":false,"excerpt":"Otsid \u00e4gedat kingitust v\u00f5i lahedat \u00fcllatust oma l\u00e4hedastele? Otsige ja tellige kinkekaardid meie partnerite pakkumiste hulgast! KUIDAS TELLIDA? 1. Leia kinkekaart Leia kinkekaardi teenusepakkuja ja vali sobiv kinkekaart. 2. Sisesta andmed Sisesta n\u00f5utud saaja andmed. 3. Esita tellimus Kinnita andmed ja esita tellimus. Kinkekaardist emaili saavad nii tellija kui ka\u2026","rel":"","context":"Similar post","block_context":{"text":"Similar post","link":""},"img":{"alt_text":"","src":"https:\/\/i0.wp.com\/mywebgift.com\/wp-content\/uploads\/2024\/12\/Untitled-design-15.png?fit=768%2C432&ssl=1&resize=350%2C200","width":350,"height":200,"srcset":"https:\/\/i0.wp.com\/mywebgift.com\/wp-content\/uploads\/2024\/12\/Untitled-design-15.png?fit=768%2C432&ssl=1&resize=350%2C200 1x, https:\/\/i0.wp.com\/mywebgift.com\/wp-content\/uploads\/2024\/12\/Untitled-design-15.png?fit=768%2C432&ssl=1&resize=525%2C300 1.5x, https:\/\/i0.wp.com\/mywebgift.com\/wp-content\/uploads\/2024\/12\/Untitled-design-15.png?fit=768%2C432&ssl=1&resize=700%2C400 2x"},"classes":[]}],"_links":{"self":[{"href":"https:\/\/staging01.mywebgift.com\/et\/wp-json\/wp\/v2\/pages\/4658","targetHints":{"allow":["GET"]}}],"collection":[{"href":"https:\/\/staging01.mywebgift.com\/et\/wp-json\/wp\/v2\/pages"}],"about":[{"href":"https:\/\/staging01.mywebgift.com\/et\/wp-json\/wp\/v2\/types\/page"}],"author":[{"embeddable":true,"href":"https:\/\/staging01.mywebgift.com\/et\/wp-json\/wp\/v2\/users\/245174300"}],"replies":[{"embeddable":true,"href":"https:\/\/staging01.mywebgift.com\/et\/wp-json\/wp\/v2\/comments?post=4658"}],"version-history":[{"count":33,"href":"https:\/\/staging01.mywebgift.com\/et\/wp-json\/wp\/v2\/pages\/4658\/revisions"}],"predecessor-version":[{"id":7307,"href":"https:\/\/staging01.mywebgift.com\/et\/wp-json\/wp\/v2\/pages\/4658\/revisions\/7307"}],"wp:attachment":[{"href":"https:\/\/staging01.mywebgift.com\/et\/wp-json\/wp\/v2\/media?parent=4658"}],"curies":[{"name":"wp","href":"https:\/\/api.w.org\/{rel}","templated":true}]}}