{"id":4660,"date":"2024-09-29T18:05:49","date_gmt":"2024-09-29T15:05:49","guid":{"rendered":"https:\/\/staging01.mywebgift.com\/votke-meiega-uhendust\/"},"modified":"2025-04-06T17:45:38","modified_gmt":"2025-04-06T14:45:38","slug":"votke-meiega-uhendust","status":"publish","type":"page","link":"https:\/\/staging01.mywebgift.com\/et\/votke-meiega-uhendust\/","title":{"rendered":"V\u00f5tke \u00fchendust"},"content":{"rendered":"\t\t<div data-elementor-type=\"wp-page\" data-elementor-id=\"4660\" class=\"elementor elementor-4660 elementor-4503\">\n\t\t\t\t<div class=\"elementor-element elementor-element-c671ca1 e-flex e-con-boxed e-con e-parent\" data-id=\"c671ca1\" data-element_type=\"container\" data-e-type=\"container\">\n\t\t\t\t\t<div class=\"e-con-inner\">\n\t\t\t\t<div class=\"elementor-element elementor-element-03a0647 elementor-widget elementor-widget-heading\" data-id=\"03a0647\" data-element_type=\"widget\" data-e-type=\"widget\" data-widget_type=\"heading.default\">\n\t\t\t\t<div class=\"elementor-widget-container\">\n\t\t\t\t\t<h1 class=\"elementor-heading-title elementor-size-default\">V\u00f5tke \u00fchendust<\/h1>\t\t\t\t<\/div>\n\t\t\t\t<\/div>\n\t\t\t\t\t<\/div>\n\t\t\t\t<\/div>\n\t\t<div class=\"elementor-element elementor-element-f198254 e-flex e-con-boxed e-con e-parent\" data-id=\"f198254\" data-element_type=\"container\" data-e-type=\"container\">\n\t\t\t\t\t<div class=\"e-con-inner\">\n\t\t\t\t<div class=\"elementor-element elementor-element-c9b459a elementor-widget__width-initial elementor-widget-mobile__width-inherit elementor-widget elementor-widget-image-box\" data-id=\"c9b459a\" data-element_type=\"widget\" data-e-type=\"widget\" data-widget_type=\"image-box.default\">\n\t\t\t\t<div class=\"elementor-widget-container\">\n\t\t\t\t\t<div class=\"elementor-image-box-wrapper\"><div class=\"elementor-image-box-content\"><p class=\"elementor-image-box-description\">Meil on hea meel teid aidata! Kui on k\u00fcsimusi kinkekaartide kohta, vajad abi koost\u00f6\u00f6partneriks saamisel v\u00f5i millegi muu veebisaidiga seonduva kohta, siis meie meeskond on siin, et aidata.<\/p><\/div><\/div>\t\t\t\t<\/div>\n\t\t\t\t<\/div>\n\t\t\t\t<div class=\"elementor-element elementor-element-9562aba elementor-widget__width-initial elementor-widget-mobile__width-inherit elementor-widget elementor-widget-text-editor\" data-id=\"9562aba\" data-element_type=\"widget\" data-e-type=\"widget\" data-widget_type=\"text-editor.default\">\n\t\t\t\t<div class=\"elementor-widget-container\">\n\t\t\t\t\t\t\t\t\t<p>K\u00fcsimus v\u00f5i vajate abi? Saatke s\u00f5num ja me vastame ca 24\u201348 tunni jooksul. <\/p>\t\t\t\t\t\t\t\t<\/div>\n\t\t\t\t<\/div>\n\t\t\t\t<div class=\"elementor-element elementor-element-22e222d elementor-widget elementor-widget-text-editor\" data-id=\"22e222d\" data-element_type=\"widget\" data-e-type=\"widget\" data-widget_type=\"text-editor.default\">\n\t\t\t\t<div class=\"elementor-widget-container\">\n\t\t\t\t\t\t\t\t\t<h4>J\u00e4lgige meid sotsiaalmeedias<\/h4>\t\t\t\t\t\t\t\t<\/div>\n\t\t\t\t<\/div>\n\t\t\t\t<div class=\"elementor-element elementor-element-8d586cd e-grid-align-left elementor-shape-rounded elementor-grid-0 elementor-widget elementor-widget-social-icons\" data-id=\"8d586cd\" data-element_type=\"widget\" data-e-type=\"widget\" data-widget_type=\"social-icons.default\">\n\t\t\t\t<div class=\"elementor-widget-container\">\n\t\t\t\t\t\t\t<div class=\"elementor-social-icons-wrapper elementor-grid\" role=\"list\">\n\t\t\t\t\t\t\t<span class=\"elementor-grid-item\" role=\"listitem\">\n\t\t\t\t\t<a class=\"elementor-icon elementor-social-icon elementor-social-icon-facebook elementor-repeater-item-dcaa6cf\" href=\"https:\/\/www.facebook.com\/profile.php?id=61568178061236\" target=\"_blank\">\n\t\t\t\t\t\t<span class=\"elementor-screen-only\">Facebook<\/span>\n\t\t\t\t\t\t<svg aria-hidden=\"true\" class=\"e-font-icon-svg e-fab-facebook\" viewBox=\"0 0 512 512\" xmlns=\"http:\/\/www.w3.org\/2000\/svg\"><path d=\"M504 256C504 119 393 8 256 8S8 119 8 256c0 123.78 90.69 226.38 209.25 245V327.69h-63V256h63v-54.64c0-62.15 37-96.48 93.67-96.48 27.14 0 55.52 4.84 55.52 4.84v61h-31.28c-30.8 0-40.41 19.12-40.41 38.73V256h68.78l-11 71.69h-57.78V501C413.31 482.38 504 379.78 504 256z\"><\/path><\/svg>\t\t\t\t\t<\/a>\n\t\t\t\t<\/span>\n\t\t\t\t\t\t\t<span class=\"elementor-grid-item\" role=\"listitem\">\n\t\t\t\t\t<a class=\"elementor-icon elementor-social-icon elementor-social-icon-instagram elementor-repeater-item-45a7c8b\" href=\"https:\/\/www.instagram.com\/mywebgift.com_official\/\" target=\"_blank\">\n\t\t\t\t\t\t<span class=\"elementor-screen-only\">Instagram<\/span>\n\t\t\t\t\t\t<svg aria-hidden=\"true\" class=\"e-font-icon-svg e-fab-instagram\" viewBox=\"0 0 448 512\" xmlns=\"http:\/\/www.w3.org\/2000\/svg\"><path d=\"M224.1 141c-63.6 0-114.9 51.3-114.9 114.9s51.3 114.9 114.9 114.9S339 319.5 339 255.9 287.7 141 224.1 141zm0 189.6c-41.1 0-74.7-33.5-74.7-74.7s33.5-74.7 74.7-74.7 74.7 33.5 74.7 74.7-33.6 74.7-74.7 74.7zm146.4-194.3c0 14.9-12 26.8-26.8 26.8-14.9 0-26.8-12-26.8-26.8s12-26.8 26.8-26.8 26.8 12 26.8 26.8zm76.1 27.2c-1.7-35.9-9.9-67.7-36.2-93.9-26.2-26.2-58-34.4-93.9-36.2-37-2.1-147.9-2.1-184.9 0-35.8 1.7-67.6 9.9-93.9 36.1s-34.4 58-36.2 93.9c-2.1 37-2.1 147.9 0 184.9 1.7 35.9 9.9 67.7 36.2 93.9s58 34.4 93.9 36.2c37 2.1 147.9 2.1 184.9 0 35.9-1.7 67.7-9.9 93.9-36.2 26.2-26.2 34.4-58 36.2-93.9 2.1-37 2.1-147.8 0-184.8zM398.8 388c-7.8 19.6-22.9 34.7-42.6 42.6-29.5 11.7-99.5 9-132.1 9s-102.7 2.6-132.1-9c-19.6-7.8-34.7-22.9-42.6-42.6-11.7-29.5-9-99.5-9-132.1s-2.6-102.7 9-132.1c7.8-19.6 22.9-34.7 42.6-42.6 29.5-11.7 99.5-9 132.1-9s102.7-2.6 132.1 9c19.6 7.8 34.7 22.9 42.6 42.6 11.7 29.5 9 99.5 9 132.1s2.7 102.7-9 132.1z\"><\/path><\/svg>\t\t\t\t\t<\/a>\n\t\t\t\t<\/span>\n\t\t\t\t\t<\/div>\n\t\t\t\t\t\t<\/div>\n\t\t\t\t<\/div>\n\t\t\t\t\t<\/div>\n\t\t\t\t<\/div>\n\t\t<div class=\"elementor-element elementor-element-d2d03ec e-flex e-con-boxed e-con e-parent\" data-id=\"d2d03ec\" data-element_type=\"container\" data-e-type=\"container\">\n\t\t\t\t\t<div class=\"e-con-inner\">\n\t\t\t\t<div class=\"elementor-element elementor-element-e7167da elementor-widget elementor-widget-wpforms\" data-id=\"e7167da\" data-element_type=\"widget\" data-e-type=\"widget\" data-widget_type=\"wpforms.default\">\n\t\t\t\t<div class=\"elementor-widget-container\">\n\t\t\t\t\t<div class=\"wpforms-container \" id=\"wpforms-57\"><form id=\"wpforms-form-57\" class=\"wpforms-validate wpforms-form\" data-formid=\"57\" method=\"post\" enctype=\"multipart\/form-data\" action=\"\/et\/wp-json\/wp\/v2\/pages\/4660\" data-token=\"7782db1347dfd673a01508d2c204b2e7\" data-token-time=\"1776431804\"><div class=\"wpforms-head-container\"><div class=\"wpforms-title\">Saada s\u00f5num<\/div><\/div><noscript class=\"wpforms-error-noscript\">Please enable JavaScript in your browser to complete this form.<\/noscript><div class=\"wpforms-field-container\"><div id=\"wpforms-57-field_0-container\" class=\"wpforms-field wpforms-field-name\" data-field-id=\"0\"><label class=\"wpforms-field-label\" for=\"wpforms-57-field_0\">Nimi <span class=\"wpforms-required-label\">*<\/span><\/label><input type=\"text\" id=\"wpforms-57-field_0\" class=\"wpforms-field-medium wpforms-field-required\" name=\"wpforms[fields][0]\" required><\/div><div id=\"wpforms-57-field_1-container\" class=\"wpforms-field wpforms-field-email\" data-field-id=\"1\"><label class=\"wpforms-field-label\" for=\"wpforms-57-field_1\">E-post <span class=\"wpforms-required-label\">*<\/span><\/label><input type=\"email\" id=\"wpforms-57-field_1\" class=\"wpforms-field-medium wpforms-field-required\" name=\"wpforms[fields][1]\" spellcheck=\"false\" required><\/div><div id=\"wpforms-57-field_3-container\" class=\"wpforms-field wpforms-field-text\" data-field-id=\"3\"><label class=\"wpforms-field-label\" for=\"wpforms-57-field_3\">Teema<\/label><input type=\"text\" id=\"wpforms-57-field_3\" class=\"wpforms-field-medium\" name=\"wpforms[fields][3]\" ><\/div><div id=\"wpforms-57-field_2-container\" class=\"wpforms-field wpforms-field-textarea\" data-field-id=\"2\"><label class=\"wpforms-field-label\" for=\"wpforms-57-field_2\">S\u00f5num <span class=\"wpforms-required-label\">*<\/span><\/label><textarea id=\"wpforms-57-field_2\" class=\"wpforms-field-medium wpforms-field-required\" name=\"wpforms[fields][2]\" required><\/textarea><\/div><\/div><!-- .wpforms-field-container --><div class=\"wpforms-field wpforms-field-hp\"><label for=\"wpforms-57-field-hp\" class=\"wpforms-field-label\">Phone<\/label><input type=\"text\" name=\"wpforms[hp]\" id=\"wpforms-57-field-hp\" class=\"wpforms-field-medium\"><\/div><div class=\"wpforms-submit-container\" ><input type=\"hidden\" name=\"wpforms[id]\" value=\"57\"><input type=\"hidden\" name=\"page_title\" value=\"\"><input type=\"hidden\" name=\"page_url\" value=\"https:\/\/staging01.mywebgift.com\/et\/wp-json\/wp\/v2\/pages\/4660\"><input type=\"hidden\" name=\"url_referer\" value=\"\"><button type=\"submit\" name=\"wpforms[submit]\" id=\"wpforms-submit-57\" class=\"wpforms-submit\" data-alt-text=\"Saatmine...\" data-submit-text=\"Saada\" aria-live=\"assertive\" value=\"wpforms-submit\">Saada<\/button><\/div><\/form><\/div>  <!-- .wpforms-container -->\t\t\t\t<\/div>\n\t\t\t\t<\/div>\n\t\t\t\t\t<\/div>\n\t\t\t\t<\/div>\n\t\t\t\t<\/div>\n\t\t","protected":false},"excerpt":{"rendered":"<p>V\u00f5tke \u00fchendust Meil on hea meel teid aidata! Kui on k\u00fcsimusi kinkekaartide kohta, vajad abi koost\u00f6\u00f6partneriks saamisel v\u00f5i millegi muu veebisaidiga seonduva kohta, siis meie meeskond on siin, et aidata. K\u00fcsimus v\u00f5i vajate abi? Saatke s\u00f5num ja me vastame ca 24\u201348 tunni jooksul. J\u00e4lgige meid sotsiaalmeedias Facebook Instagram Send a messagePlease enable JavaScript in your [&hellip;]<\/p>\n","protected":false},"author":245174300,"featured_media":0,"parent":0,"menu_order":0,"comment_status":"closed","ping_status":"closed","template":"","meta":{"site-sidebar-layout":"no-sidebar","site-content-layout":"page-builder","ast-site-content-layout":"full-width-container","site-content-style":"default","site-sidebar-style":"default","ast-global-header-display":"","ast-banner-title-visibility":"","ast-main-header-display":"","ast-hfb-above-header-display":"","ast-hfb-below-header-display":"","ast-hfb-mobile-header-display":"","site-post-title":"disabled","ast-breadcrumbs-content":"","ast-featured-img":"disabled","footer-sml-layout":"","theme-transparent-header-meta":"","adv-header-id-meta":"","stick-header-meta":"","header-above-stick-meta":"","header-main-stick-meta":"","header-below-stick-meta":"","astra-migrate-meta-layouts":"default","ast-page-background-enabled":"default","ast-page-background-meta":{"desktop":{"background-color":"","background-image":"","background-repeat":"repeat","background-position":"center center","background-size":"auto","background-attachment":"scroll","background-type":"","background-media":"","overlay-type":"","overlay-color":"","overlay-opacity":"","overlay-gradient":""},"tablet":{"background-color":"","background-image":"","background-repeat":"repeat","background-position":"center center","background-size":"auto","background-attachment":"scroll","background-type":"","background-media":"","overlay-type":"","overlay-color":"","overlay-opacity":"","overlay-gradient":""},"mobile":{"background-color":"","background-image":"","background-repeat":"repeat","background-position":"center center","background-size":"auto","background-attachment":"scroll","background-type":"","background-media":"","overlay-type":"","overlay-color":"","overlay-opacity":"","overlay-gradient":""}},"ast-content-background-meta":{"desktop":{"background-color":"var(--ast-global-color-5)","background-image":"","background-repeat":"repeat","background-position":"center center","background-size":"auto","background-attachment":"scroll","background-type":"","background-media":"","overlay-type":"","overlay-color":"","overlay-opacity":"","overlay-gradient":""},"tablet":{"background-color":"var(--ast-global-color-5)","background-image":"","background-repeat":"repeat","background-position":"center center","background-size":"auto","background-attachment":"scroll","background-type":"","background-media":"","overlay-type":"","overlay-color":"","overlay-opacity":"","overlay-gradient":""},"mobile":{"background-color":"var(--ast-global-color-5)","background-image":"","background-repeat":"repeat","background-position":"center center","background-size":"auto","background-attachment":"scroll","background-type":"","background-media":"","overlay-type":"","overlay-color":"","overlay-opacity":"","overlay-gradient":""}},"advanced_seo_description":"","jetpack_seo_html_title":"","jetpack_seo_noindex":false,"jetpack_post_was_ever_published":false,"footnotes":""},"class_list":["post-4660","page","type-page","status-publish","hentry"],"jetpack_sharing_enabled":true,"jetpack_shortlink":"https:\/\/wp.me\/PgeZI3-1da","jetpack-related-posts":[{"id":4658,"url":"https:\/\/staging01.mywebgift.com\/et\/meie-kohta\/","url_meta":{"origin":4660,"position":0},"title":"Meist","author":"Nataliia Ozirianska","date":"29\/09\/2024","format":false,"excerpt":"Meist Kes me oleme? MyWebGift O\u00dc on digitaalseid kinkekaardilahendusi pakkuv platvorm nii v\u00e4ikestele kui ka keskmise suurusega ettev\u00f5tetele. Mugavad ja kiired digitaalsed kinkekaardilahendused on kasutamiseks nii kohalikele kui ka rahvusvahelistele \u00e4ridele. Meie suur soov on, et Teie \u00e4ri kliendibaas ja m\u00fc\u00fcgimaht kasvaks. Lisaks saate olemasolevaid kliente kaasata kui ka hoida\u2026","rel":"","context":"Similar post","block_context":{"text":"Similar post","link":""},"img":{"alt_text":"","src":"","width":0,"height":0},"classes":[]},{"id":6861,"url":"https:\/\/staging01.mywebgift.com\/et\/cookie-policy\/","url_meta":{"origin":4660,"position":1},"title":"K\u00fcpsiste Poliitika (EL)","author":"Nataliia Ozirianska","date":"01\/02\/2025","format":false,"excerpt":"K\u00fcpsiste Poliitika (EL) K\u00e4esolevat K\u00fcpsiste poliitikat uuendati viimati 26\/01\/2025 ja see kehtib Euroopa Majanduspiirkonna ja \u0160veitsi kodanikele ning seaduslikele p\u00fcsielanikele. 1. Sissejuhatus Meie veebisait https:\/\/staging01.mywebgift.com (edaspidi \"veebisait\") kasutab k\u00fcpsiseid ja muid seotud tehnoloogiaid (mugavuse huvides nimetatakse k\u00f5iki tehnoloogiaid \"k\u00fcpsisteks\"). K\u00fcpsiseid kasutavad ka meie poolt kaasatud kolmandad isikud. Allj\u00e4rgnevas dokumendis teavitame\u2026","rel":"","context":"Similar post","block_context":{"text":"Similar post","link":""},"img":{"alt_text":"","src":"","width":0,"height":0},"classes":[]},{"id":5406,"url":"https:\/\/staging01.mywebgift.com\/et\/privacy-notice\/","url_meta":{"origin":4660,"position":2},"title":"Privaatsusteade","author":"Nataliia Ozirianska","date":"03\/11\/2024","format":false,"excerpt":"Privaatsusteade K\u00e4esolevas Privaatsusteates selgitatakse, kuidas MyWebGift O\u00dc (\"MyWebGift\" v\u00f5i \"meie\") t\u00f6\u00f6tleb isikuandmeid - isikuandmed on igasugune teave tuvastatud v\u00f5i tuvastatava isiku kohta (\"teie\"). MyWebGift t\u00f6\u00f6tleb teie isikuandmeid koosk\u00f5las ELi Isikuandmete Kaitse \u00dcldm\u00e4\u00e4rusega (\"GDPR\") ja muude kohaldatavate isikuandmete kaitset k\u00e4sitlevate \u00f5igusaktidega. K\u00e4esoleva Privaatsusteate eesm\u00e4rk on anda teile k\u00f5ige olulisemad \u00fcksikasjad teie\u2026","rel":"","context":"Similar post","block_context":{"text":"Similar post","link":""},"img":{"alt_text":"","src":"","width":0,"height":0},"classes":[]},{"id":6253,"url":"https:\/\/staging01.mywebgift.com\/et\/kuidas-kasvatada\/","url_meta":{"origin":4660,"position":3},"title":"Kuidas oma \u00e4ri kasvatada?","author":"Nataliia Ozirianska","date":"07\/12\/2024","format":false,"excerpt":"Esita taotlus, et saada koost\u00f6\u00f6partneriks Kas soovite oma m\u00fc\u00fcki suurendada? Meie intuitiivne platvorm teeb kinkekaartide loomise, levitamise ja m\u00fc\u00fcmise v\u00e4ga kergeks. Avastage t\u00e4iesti uus m\u00fc\u00fcgikanal ja viige klientide lojaalsus uuele tasemele. M\u00fc\u00fcge rohkem MyWebGift.com-i kaasabil \u00dchildage meie kinkekaardilahendus sujuvalt oma sotsiaalmeediaplatvormide ja veebipoodidega, et suurendada m\u00fc\u00fcki. Jooksvaid kulusid pole Liituge\u2026","rel":"","context":"Similar post","block_context":{"text":"Similar post","link":""},"img":{"alt_text":"","src":"https:\/\/i0.wp.com\/mywebgift.com\/wp-content\/uploads\/2024\/12\/GCard.png?fit=300%2C300&ssl=1&resize=350%2C200","width":350,"height":200},"classes":[]},{"id":6261,"url":"https:\/\/staging01.mywebgift.com\/et\/terms-and-conditions-for-business-partners\/","url_meta":{"origin":4660,"position":4},"title":"T\u00fc\u00fcptingimused Koost\u00f6\u00f6partneritele","author":"Nataliia Ozirianska","date":"13\/12\/2024","format":false,"excerpt":"T\u00fc\u00fcptingimused Koost\u00f6\u00f6partneritele T\u00fc\u00fcptingimused Koost\u00f6\u00f6partneritele Teenuseid (nagu on m\u00e4\u00e4ratletud allpool) pakutakse Koost\u00f6\u00f6partnerile (nagu on m\u00e4\u00e4ratletud allpool) tingimusel, et ta n\u00f5ustub ilma muudatusteta t\u00fc\u00fcptingimustega (nagu on m\u00e4\u00e4ratletud allpool). K\u00e4esolevad kasutustingimused sisaldavad tingimusi, mis reguleerivad koost\u00f6\u00f6partnerite juurdep\u00e4\u00e4su teenustele ja nende kasutamist. 1. M\u00d5ISTED 1.1. Kasutajakonto \u2013 vahend, mille abil saab juurdep\u00e4\u00e4su Veebilehe teenustele\u2026","rel":"","context":"Similar post","block_context":{"text":"Similar post","link":""},"img":{"alt_text":"","src":"","width":0,"height":0},"classes":[]},{"id":4912,"url":"https:\/\/staging01.mywebgift.com\/et\/terms-and-conditions-2\/","url_meta":{"origin":4660,"position":5},"title":"T\u00fc\u00fcptingimused L\u00f5ppkasutajatele","author":"Nataliia Ozirianska","date":"01\/11\/2024","format":false,"excerpt":"T\u00fc\u00fcptingimused L\u00f5ppkasutajatele T\u00fc\u00fcptingimused L\u00f5ppkasutajatele K\u00e4esolevad T\u00fc\u00fcptingimused (\"T\u00fc\u00fcptingimused\") reguleerivad MyWebGift O\u00dc platvormi www.MyWebGift.com kaudu m\u00fc\u00fcdavate Kinkekaartide (\"Kinkekaart\") ostmist ja kasutamist. Kinkekaarte v\u00e4ljastavad Koost\u00f6\u00f6partnerid, kes kasutavad MyWebGift O\u00dc platvormi oma Kinkekaartide m\u00fc\u00fcgiks. MyWebGift O\u00dc platvorm ei ole Kinkekaartide v\u00e4ljastaja ja tegutseb \u00fcksnes vahendajana ostjate ja v\u00e4ljastavate Koost\u00f6\u00f6partnerite vaheliste tehingute vahendamisel. Kingitusekaardi ostmise\u2026","rel":"","context":"Similar post","block_context":{"text":"Similar post","link":""},"img":{"alt_text":"","src":"","width":0,"height":0},"classes":[]}],"_links":{"self":[{"href":"https:\/\/staging01.mywebgift.com\/et\/wp-json\/wp\/v2\/pages\/4660","targetHints":{"allow":["GET"]}}],"collection":[{"href":"https:\/\/staging01.mywebgift.com\/et\/wp-json\/wp\/v2\/pages"}],"about":[{"href":"https:\/\/staging01.mywebgift.com\/et\/wp-json\/wp\/v2\/types\/page"}],"author":[{"embeddable":true,"href":"https:\/\/staging01.mywebgift.com\/et\/wp-json\/wp\/v2\/users\/245174300"}],"replies":[{"embeddable":true,"href":"https:\/\/staging01.mywebgift.com\/et\/wp-json\/wp\/v2\/comments?post=4660"}],"version-history":[{"count":10,"href":"https:\/\/staging01.mywebgift.com\/et\/wp-json\/wp\/v2\/pages\/4660\/revisions"}],"predecessor-version":[{"id":7312,"href":"https:\/\/staging01.mywebgift.com\/et\/wp-json\/wp\/v2\/pages\/4660\/revisions\/7312"}],"wp:attachment":[{"href":"https:\/\/staging01.mywebgift.com\/et\/wp-json\/wp\/v2\/media?parent=4660"}],"curies":[{"name":"wp","href":"https:\/\/api.w.org\/{rel}","templated":true}]}}