{"id":6861,"date":"2025-02-01T20:17:38","date_gmt":"2025-02-01T18:17:38","guid":{"rendered":"https:\/\/staging01.mywebgift.com\/cookie-policy\/"},"modified":"2025-02-16T16:06:23","modified_gmt":"2025-02-16T14:06:23","slug":"cookie-policy","status":"publish","type":"page","link":"https:\/\/staging01.mywebgift.com\/et\/cookie-policy\/","title":{"rendered":"K\u00fcpsiste Poliitika (EL)"},"content":{"rendered":"\t\t<div data-elementor-type=\"wp-page\" data-elementor-id=\"6861\" class=\"elementor elementor-6861 elementor-6855\">\n\t\t\t\t<div class=\"elementor-element elementor-element-0befeaa e-flex e-con-boxed e-con e-parent\" data-id=\"0befeaa\" data-element_type=\"container\" data-e-type=\"container\">\n\t\t\t\t\t<div class=\"e-con-inner\">\n\t\t\t\t<div class=\"elementor-element elementor-element-fe3bec2 elementor-widget elementor-widget-heading\" data-id=\"fe3bec2\" data-element_type=\"widget\" data-e-type=\"widget\" data-widget_type=\"heading.default\">\n\t\t\t\t<div class=\"elementor-widget-container\">\n\t\t\t\t\t<h2 class=\"elementor-heading-title elementor-size-default\">K\u00fcpsiste Poliitika (EL)<\/h2>\t\t\t\t<\/div>\n\t\t\t\t<\/div>\n\t\t\t\t\t<\/div>\n\t\t\t\t<\/div>\n\t\t<div class=\"elementor-element elementor-element-03cfea3 e-flex e-con-boxed e-con e-parent\" data-id=\"03cfea3\" data-element_type=\"container\" data-e-type=\"container\">\n\t\t\t\t\t<div class=\"e-con-inner\">\n\t\t\t\t<div class=\"elementor-element elementor-element-fe19a5d elementor-widget elementor-widget-text-editor\" data-id=\"fe19a5d\" data-element_type=\"widget\" data-e-type=\"widget\" data-widget_type=\"text-editor.default\">\n\t\t\t\t<div class=\"elementor-widget-container\">\n\t\t\t\t\t\t\t\t\t<p><i><span style=\"font-weight: 400;\">K\u00e4esolevat K\u00fcpsiste poliitikat uuendati viimati 26\/01\/2025 ja see kehtib Euroopa Majanduspiirkonna ja \u0160veitsi kodanikele ning seaduslikele p\u00fcsielanikele.<\/span><\/i><\/p>\n<p><strong>1. Sissejuhatus<\/strong><\/p>\n<p><span style=\"font-weight: 400;\">Meie veebisait<\/span> <a href=\"https:\/\/staging01.mywebgift.com\/et\/\"><span style=\"font-weight: 400;\">https:\/\/staging01.mywebgift.com<\/span><\/a><span style=\"font-weight: 400;\"> (edaspidi &#8220;veebisait&#8221;) kasutab k\u00fcpsiseid ja muid seotud tehnoloogiaid (mugavuse huvides nimetatakse k\u00f5iki tehnoloogiaid &#8220;k\u00fcpsisteks&#8221;). K\u00fcpsiseid kasutavad ka meie poolt kaasatud kolmandad isikud. Allj\u00e4rgnevas dokumendis teavitame teid k\u00fcpsiste kasutamisest meie veebisaidil.  <\/span><\/p>\n<p><strong>2. Mis on k\u00fcpsis?<\/strong><\/p>\n<p><span style=\"font-weight: 400;\">K\u00fcpsis on v\u00e4ike lihtne (teksti)fail, mida teie k\u00fclastatav veebisait palub teie brauseril salvestada ja mida teie brauser salvestab teie arvuti v\u00f5i m\u00f5ne muu seadme k\u00f5vakettale. Salvestatud teavet v\u00f5ib j\u00e4rgmisel k\u00fclastusel edastada meie serveritele v\u00f5i asjakohastele kolmandate osapoolte serveritele. <\/span><\/p>\n<p><strong>3. Mis on skriptid?<\/strong><\/p>\n<p><span style=\"font-weight: 400;\">Skript on programmikoodi osa, mida kasutatakse selleks, et meie veebisait toimiks korrektselt ja interaktiivselt. Seda koodi rakendatakse meie serveris v\u00f5i teie seadmes. <\/span><\/p>\n<p><strong>4. Mis on veebimajakas?<\/strong><\/p>\n<p><span style=\"font-weight: 400;\">Veebimajakas (v\u00f5i pikslisilt) on v\u00e4ike n\u00e4htamatu tekst v\u00f5i pilt veebisaidil, mida kasutatakse veebisaidi liikluse j\u00e4lgimiseks. Veebimajakate abil salvestatakse erinevaid andmeid teie kohta. <\/span><\/p>\n<p><strong>5. K\u00fcpsised<\/strong><\/p>\n<p><strong>5.1<\/strong> Tehnilised v\u00f5i funktsionaalsed k\u00fcpsised<\/p>\n<p><span style=\"font-weight: 400;\">M\u00f5ned k\u00fcpsised tagavad, et teatud veebisaidi osad toimivad korrektselt ja teie kasutajaeelistused j\u00e4\u00e4vad meelde. Funktsionaalsete k\u00fcpsiste kasutamine muudab meie veebisaidi k\u00fclastamise mugavamaks. Nii ei pea te iga kord samu andmeid sisestama ning n\u00e4iteks ostukorvi sisu j\u00e4\u00e4b alles kuni makse sooritamiseni. Neid k\u00fcpsiseid v\u00f5ime paigutada ilma teie n\u00f5usolekuta.   <\/span><\/p>\n<p><strong>5.2<\/strong> Statistilised k\u00fcpsised<\/p>\n<p><span style=\"font-weight: 400;\">Me kasutame statistilisi k\u00fcpsiseid, et optimeerida meie kasutajate veebilehe kogemust. Nende k\u00fcpsiste abil saame \u00fclevaate veebisaidi kasutamisest. Statistiliste k\u00fcpsiste paigaldamiseks k\u00fcsime teie luba.  <\/span><\/p>\n<p><strong>6. Paigaldatud k\u00fcpsised<\/strong><\/p>\n<table>\n<tbody>\n<tr>\n<td>\n<p style=\"text-align: center;\"><span style=\"font-weight: 400;\">WooCommerce<\/span><\/p>\n<\/td>\n<td>\n<p style=\"text-align: center;\"><span style=\"font-weight: 400;\">Funktsionaalne<\/span><\/p>\n<\/td>\n<\/tr>\n<tr>\n<td>\n<p style=\"text-align: center;\"><span style=\"font-weight: 400;\">Elementor<\/span><\/p>\n<\/td>\n<td>\n<p style=\"text-align: center;\"><span style=\"font-weight: 400;\">Statistiline (anon\u00fc\u00fcmne)<\/span><\/p>\n<\/td>\n<\/tr>\n<tr>\n<td>\n<p style=\"text-align: center;\"><span style=\"font-weight: 400;\">WordPress<\/span><\/p>\n<\/td>\n<td>\n<p style=\"text-align: center;\"><span style=\"font-weight: 400;\">Funktsionaalne<\/span><\/p>\n<\/td>\n<\/tr>\n<tr>\n<td>\n<p style=\"text-align: center;\"><span style=\"font-weight: 400;\">Stripe<\/span><\/p>\n<\/td>\n<td>\n<p style=\"text-align: center;\"><span style=\"font-weight: 400;\">Funktsionaalne<\/span><\/p>\n<\/td>\n<\/tr>\n<tr>\n<td>\n<p style=\"text-align: center;\"><span style=\"font-weight: 400;\">Sourcebuster JS<\/span><\/p>\n<\/td>\n<td>\n<p style=\"text-align: center;\"><span style=\"font-weight: 400;\">Statistiline<\/span><\/p>\n<\/td>\n<\/tr>\n<tr>\n<td>\n<p style=\"text-align: center;\"><span style=\"font-weight: 400;\">mailpoet<\/span><\/p>\n<\/td>\n<td>\n<p style=\"text-align: center;\"><span style=\"font-weight: 400;\">Turunduslik<\/span><\/p>\n<\/td>\n<\/tr>\n<tr>\n<td>\n<p style=\"text-align: center;\"><span style=\"font-weight: 400;\">Automattic<\/span><\/p>\n<\/td>\n<td>\n<p style=\"text-align: center;\"><span style=\"font-weight: 400;\">Statistiline<\/span><\/p>\n<\/td>\n<\/tr>\n<tr>\n<td>\n<p style=\"text-align: center;\"><span style=\"font-weight: 400;\">Burst Statistics<\/span><\/p>\n<\/td>\n<td>\n<p style=\"text-align: center;\"><span style=\"font-weight: 400;\">Statistiline (anon\u00fc\u00fcmne)<\/span><\/p>\n<\/td>\n<\/tr>\n<tr>\n<td>\n<p style=\"text-align: center;\"><span style=\"font-weight: 400;\">GDPR Cookie Consent<\/span><\/p>\n<\/td>\n<td>\n<p style=\"text-align: center;\"><span style=\"font-weight: 400;\">Funktsionaalne<\/span><\/p>\n<\/td>\n<\/tr>\n<tr>\n<td>\n<p style=\"text-align: center;\"><span style=\"font-weight: 400;\">WPML<\/span><\/p>\n<\/td>\n<td>\n<p style=\"text-align: center;\"><span style=\"font-weight: 400;\">Funktsionaalne<\/span><\/p>\n<\/td>\n<\/tr>\n<tr>\n<td>\n<p style=\"text-align: center;\"><span style=\"font-weight: 400;\">GDPR Cookie Compliance<\/span><\/p>\n<\/td>\n<td>\n<p style=\"text-align: center;\"><span style=\"font-weight: 400;\">Hinnata veebilehe vastavust (ajutine)<\/span><\/p>\n<\/td>\n<\/tr>\n<tr>\n<td>\n<p style=\"text-align: center;\"><span style=\"font-weight: 400;\">Jetpack<\/span><\/p>\n<\/td>\n<td>\n<p style=\"text-align: center;\"><span style=\"font-weight: 400;\">Statistiline<\/span><\/p>\n<\/td>\n<\/tr>\n<tr>\n<td>\n<p style=\"text-align: center;\"><span style=\"font-weight: 400;\">WPForms<\/span><\/p>\n<\/td>\n<td>\n<p style=\"text-align: center;\"><span style=\"font-weight: 400;\">Eelistused<\/span><\/p>\n<\/td>\n<\/tr>\n<tr>\n<td>\n<p style=\"text-align: center;\"><span style=\"font-weight: 400;\">Google Analytics<\/span><\/p>\n<\/td>\n<td>\n<p style=\"text-align: center;\"><span style=\"font-weight: 400;\">Statistiline<\/span><\/p>\n<\/td>\n<\/tr>\n<tr>\n<td>\n<p style=\"text-align: center;\"><span style=\"font-weight: 400;\">PHP<\/span><\/p>\n<\/td>\n<td>\n<p style=\"text-align: center;\"><span style=\"font-weight: 400;\">Funktsionaalne<\/span><\/p>\n<\/td>\n<\/tr>\n<tr>\n<td>\n<p style=\"text-align: center;\"><span style=\"font-weight: 400;\">Complianz<\/span><\/p>\n<\/td>\n<td>\n<p style=\"text-align: center;\"><span style=\"font-weight: 400;\">Functional<\/span><\/p>\n<\/td>\n<\/tr>\n<tr>\n<td>\n<p style=\"text-align: center;\"><span style=\"font-weight: 400;\">Zendesk<\/span><\/p>\n<\/td>\n<td>\n<p style=\"text-align: center;\"><span style=\"font-weight: 400;\">Statistiline, eelistused<\/span><\/p>\n<\/td>\n<\/tr>\n<tr>\n<td>\n<p style=\"text-align: center;\"><span style=\"font-weight: 400;\">Mixpanel<\/span><\/p>\n<\/td>\n<td>\n<p style=\"text-align: center;\"><span style=\"font-weight: 400;\">Statistiline<\/span><\/p>\n<\/td>\n<\/tr>\n<tr>\n<td>\n<p style=\"text-align: center;\"><span style=\"font-weight: 400;\">Miscellaneous<\/span><\/p>\n<\/td>\n<td>\n<p style=\"text-align: center;\"><span style=\"font-weight: 400;\">Statistiline<\/span><\/p>\n<\/td>\n<\/tr>\n<\/tbody>\n<\/table>\n<p><strong>7. N\u00f5usolek<\/strong><\/p>\n<p><span style=\"font-weight: 400;\">Kui k\u00fclastate meie veebisaiti esimest korda, kuvame teile h\u00fcpikakna koos k\u00fcpsiste selgitusega. Niipea kui kl\u00f5psate \u201eSalvesta eelistused\u201c, annate n\u00f5usoleku kasutada h\u00fcpikaknas valitud k\u00fcpsiste ja pistikprogrammide kategooriaid vastavalt k\u00e4esolevale K\u00fcpsiste Poliitikale. K\u00fcpsiste kasutamist saate oma brauseris keelata, kuid palun arvestage, et see v\u00f5ib p\u00f5hjustada veebisaidi mittet\u00e4ielikku toimimist.  <\/span><\/p>\n<p><strong>7.1<\/strong> N\u00f5usoleku seadete haldamine<\/p>\n<p>Funktsionaalne &#8211; alati aktiivne, et tagada teenuse pakkumine<\/p>\n<p>Statistiline &#8211; anon\u00fc\u00fcmne statstika<\/p>\n<p><strong>8. K\u00fcpsiste lubamine\/keelamine ja kustutamine<\/strong><\/p>\n<p><span style=\"font-weight: 400;\">Saate oma internetibrauseri abil k\u00fcpsiseid automaatselt v\u00f5i k\u00e4sitsi kustutada. Samuti saate m\u00e4\u00e4rata, et teatud k\u00fcpsiseid ei tohiks paigutada. Alternatiivne v\u00f5imalus on seadistada brauser nii, et iga kord k\u00fcpsise paigaldamisel kuvatakse teile vastav teade. T\u00e4psemat teavet nende v\u00f5imaluste kohta leiate oma brauseri Kasutajaabist.   <\/span><\/p>\n<p><span style=\"font-weight: 400;\">Palun arvestage, et meie veebisait ei pruugi korralikult toimida, kui k\u00f5ik k\u00fcpsised on keelatud. Kui kustutate oma brauseris k\u00fcpsised, paigutatakse need teie n\u00f5usolekul uuesti, kui k\u00fclastate meie veebisaiti uuesti. <\/span><\/p>\n<p><strong>9. Teie \u00f5igused seoses isikuandmetega<\/strong><\/p>\n<p><span style=\"font-weight: 400;\">Teil on seoses oma isikuandmetega j\u00e4rgmised \u00f5igused:<\/span><\/p>\n<ul>\n<li style=\"font-weight: 400;\" aria-level=\"1\">\n<p><span style=\"font-weight: 400;\">\u00d5igus teada, miks teie isikuandmeid on vaja, kuidas neid kasutatakse ja kui kaua neid s\u00e4ilitatakse.<\/span><\/p>\n<\/li>\n<li style=\"font-weight: 400;\" aria-level=\"1\">\n<p><span style=\"font-weight: 400;\">Juurdep\u00e4\u00e4su\u00f5igus: Teil on \u00f5igus tutvuda oma isikuandmetega, mis on meie valduses.<\/span><\/p>\n<\/li>\n<li style=\"font-weight: 400;\" aria-level=\"1\">\n<p><span style=\"font-weight: 400;\">Parandamis\u00f5igus: Teil on \u00f5igus oma isikuandmeid t\u00e4iendada, parandada, kustutada v\u00f5i blokeerida igal ajal.<\/span><\/p>\n<\/li>\n<li style=\"font-weight: 400;\" aria-level=\"1\">\n<p><span style=\"font-weight: 400;\">Kui olete andnud meile n\u00f5usoleku oma andmete t\u00f6\u00f6tlemiseks, on teil \u00f5igus see n\u00f5usolek tagasi v\u00f5tta ja lasta oma isikuandmed kustutada.<\/span><\/p>\n<\/li>\n<li style=\"font-weight: 400;\" aria-level=\"1\">\n<p><span style=\"font-weight: 400;\">Andmete \u00fclekandmise \u00f5igus: Teil on \u00f5igus k\u00fcsida oma isikuandmeid vastutavalt t\u00f6\u00f6tlejalt ja edastada need t\u00e4ielikult teisele t\u00f6\u00f6tlejale.<\/span><\/p>\n<\/li>\n<li style=\"font-weight: 400;\" aria-level=\"1\">\n<p><span style=\"font-weight: 400;\">\u00d5igus esitada vastuv\u00e4iteid: Teil on \u00f5igus esitada vastuv\u00e4iteid oma andmete t\u00f6\u00f6tlemisele. Me arvestame sellega, v\u00e4lja arvatud juhul, kui t\u00f6\u00f6tlemiseks on olemas \u00f5igustatud p\u00f5hjused. <\/span><\/p>\n<\/li>\n<\/ul>\n<p><span style=\"font-weight: 400;\">Nende \u00f5iguste kasutamiseks v\u00f5tke meiega \u00fchendust. Palun vaadake k\u00e4esoleva K\u00fcpsiste Poliitika l\u00f5pus toodud kontaktandmeid. Kui teil on kaebus selle kohta, kuidas me teie andmeid k\u00e4sitleme, soovime sellest kindlasti kuulda, kuid teil on samuti \u00f5igus esitada kaebus j\u00e4relevalveasutusele (Andmekaitse Inspektsioonile).  <\/span><\/p>\n<p><strong>10. Kontaktandmed<\/strong><\/p>\n<p><span style=\"font-weight: 400;\">K\u00fcsimuste ja\/v\u00f5i kommentaaride esitamiseks meie K\u00fcpsiste Poliitika ja tema seisukohtade kohta, v\u00f5tke meiega \u00fchendust, kasutades all olevaid kontaktandmeid:<\/span><\/p>\n<p><span style=\"font-weight: 400;\">MyWebGift O\u00dc<\/span><span style=\"font-weight: 400;\"><br \/><\/span><span style=\"font-weight: 400;\">Siili tn.13-25, Tallinn, 13422<\/span><span style=\"font-weight: 400;\"><br \/><\/span><span style=\"font-weight: 400;\">Eesti<\/span><span style=\"font-weight: 400;\"><br \/><\/span><span style=\"font-weight: 400;\">Koduleht: <\/span><a href=\"https:\/\/staging01.mywebgift.com\/et\/\"><span style=\"font-weight: 400;\">https:\/\/staging01.mywebgift.com<\/span><span style=\"font-weight: 400;\"><br \/><\/span><\/a><span style=\"font-weight: 400;\">E-post: GDPR@mywebgift.com<\/span><span style=\"font-weight: 400;\"><br \/><\/span><span style=\"font-weight: 400;\">Tel: +37258188036<\/span><\/p>\n<p><span style=\"font-weight: 400;\">K\u00fcpsiste Poliitika on koosk\u00f5lastatud <\/span><a href=\"https:\/\/cookiedatabase.org\/\"><span style=\"font-weight: 400;\">cookiedatabase.org<\/span><\/a><span style=\"font-weight: 400;\">-iga 26\/01\/2025.<\/span><\/p>\n\t\t\t\t\t\t\t\t<\/div>\n\t\t\t\t<\/div>\n\t\t\t\t\t<\/div>\n\t\t\t\t<\/div>\n\t\t\t\t<\/div>\n\t\t","protected":false},"excerpt":{"rendered":"<p>K\u00fcpsiste Poliitika (EL) K\u00e4esolevat K\u00fcpsiste poliitikat uuendati viimati 26\/01\/2025 ja see kehtib Euroopa Majanduspiirkonna ja \u0160veitsi kodanikele ning seaduslikele p\u00fcsielanikele. 1. Sissejuhatus Meie veebisait https:\/\/staging01.mywebgift.com (edaspidi &#8220;veebisait&#8221;) kasutab k\u00fcpsiseid ja muid seotud tehnoloogiaid (mugavuse huvides nimetatakse k\u00f5iki tehnoloogiaid &#8220;k\u00fcpsisteks&#8221;). K\u00fcpsiseid kasutavad ka meie poolt kaasatud kolmandad isikud. Allj\u00e4rgnevas dokumendis teavitame teid k\u00fcpsiste kasutamisest meie veebisaidil. [&hellip;]<\/p>\n","protected":false},"author":245174300,"featured_media":0,"parent":0,"menu_order":0,"comment_status":"closed","ping_status":"closed","template":"","meta":{"site-sidebar-layout":"no-sidebar","site-content-layout":"page-builder","ast-site-content-layout":"full-width-container","site-content-style":"default","site-sidebar-style":"default","ast-global-header-display":"","ast-banner-title-visibility":"","ast-main-header-display":"","ast-hfb-above-header-display":"","ast-hfb-below-header-display":"","ast-hfb-mobile-header-display":"","site-post-title":"disabled","ast-breadcrumbs-content":"","ast-featured-img":"disabled","footer-sml-layout":"","theme-transparent-header-meta":"","adv-header-id-meta":"","stick-header-meta":"","header-above-stick-meta":"","header-main-stick-meta":"","header-below-stick-meta":"","astra-migrate-meta-layouts":"set","ast-page-background-enabled":"default","ast-page-background-meta":{"desktop":{"background-color":"","background-image":"","background-repeat":"repeat","background-position":"center center","background-size":"auto","background-attachment":"scroll","background-type":"","background-media":"","overlay-type":"","overlay-color":"","overlay-opacity":"","overlay-gradient":""},"tablet":{"background-color":"","background-image":"","background-repeat":"repeat","background-position":"center center","background-size":"auto","background-attachment":"scroll","background-type":"","background-media":"","overlay-type":"","overlay-color":"","overlay-opacity":"","overlay-gradient":""},"mobile":{"background-color":"","background-image":"","background-repeat":"repeat","background-position":"center center","background-size":"auto","background-attachment":"scroll","background-type":"","background-media":"","overlay-type":"","overlay-color":"","overlay-opacity":"","overlay-gradient":""}},"ast-content-background-meta":{"desktop":{"background-color":"var(--ast-global-color-5)","background-image":"","background-repeat":"repeat","background-position":"center center","background-size":"auto","background-attachment":"scroll","background-type":"","background-media":"","overlay-type":"","overlay-color":"","overlay-opacity":"","overlay-gradient":""},"tablet":{"background-color":"var(--ast-global-color-5)","background-image":"","background-repeat":"repeat","background-position":"center center","background-size":"auto","background-attachment":"scroll","background-type":"","background-media":"","overlay-type":"","overlay-color":"","overlay-opacity":"","overlay-gradient":""},"mobile":{"background-color":"var(--ast-global-color-5)","background-image":"","background-repeat":"repeat","background-position":"center center","background-size":"auto","background-attachment":"scroll","background-type":"","background-media":"","overlay-type":"","overlay-color":"","overlay-opacity":"","overlay-gradient":""}},"advanced_seo_description":"","jetpack_seo_html_title":"","jetpack_seo_noindex":false,"jetpack_post_was_ever_published":false,"footnotes":""},"class_list":["post-6861","page","type-page","status-publish","hentry"],"jetpack_sharing_enabled":true,"jetpack_shortlink":"https:\/\/wp.me\/PgeZI3-1MF","jetpack-related-posts":[{"id":5406,"url":"https:\/\/staging01.mywebgift.com\/et\/privacy-notice\/","url_meta":{"origin":6861,"position":0},"title":"Privaatsusteade","author":"Nataliia Ozirianska","date":"03\/11\/2024","format":false,"excerpt":"Privaatsusteade K\u00e4esolevas Privaatsusteates selgitatakse, kuidas MyWebGift O\u00dc (\"MyWebGift\" v\u00f5i \"meie\") t\u00f6\u00f6tleb isikuandmeid - isikuandmed on igasugune teave tuvastatud v\u00f5i tuvastatava isiku kohta (\"teie\"). MyWebGift t\u00f6\u00f6tleb teie isikuandmeid koosk\u00f5las ELi Isikuandmete Kaitse \u00dcldm\u00e4\u00e4rusega (\"GDPR\") ja muude kohaldatavate isikuandmete kaitset k\u00e4sitlevate \u00f5igusaktidega. K\u00e4esoleva Privaatsusteate eesm\u00e4rk on anda teile k\u00f5ige olulisemad \u00fcksikasjad teie\u2026","rel":"","context":"Similar post","block_context":{"text":"Similar post","link":""},"img":{"alt_text":"","src":"","width":0,"height":0},"classes":[]},{"id":4658,"url":"https:\/\/staging01.mywebgift.com\/et\/meie-kohta\/","url_meta":{"origin":6861,"position":1},"title":"Meist","author":"Nataliia Ozirianska","date":"29\/09\/2024","format":false,"excerpt":"Meist Kes me oleme? MyWebGift O\u00dc on digitaalseid kinkekaardilahendusi pakkuv platvorm nii v\u00e4ikestele kui ka keskmise suurusega ettev\u00f5tetele. Mugavad ja kiired digitaalsed kinkekaardilahendused on kasutamiseks nii kohalikele kui ka rahvusvahelistele \u00e4ridele. Meie suur soov on, et Teie \u00e4ri kliendibaas ja m\u00fc\u00fcgimaht kasvaks. Lisaks saate olemasolevaid kliente kaasata kui ka hoida\u2026","rel":"","context":"Similar post","block_context":{"text":"Similar post","link":""},"img":{"alt_text":"","src":"","width":0,"height":0},"classes":[]},{"id":6253,"url":"https:\/\/staging01.mywebgift.com\/et\/kuidas-kasvatada\/","url_meta":{"origin":6861,"position":2},"title":"Kuidas oma \u00e4ri kasvatada?","author":"Nataliia Ozirianska","date":"07\/12\/2024","format":false,"excerpt":"Esita taotlus, et saada koost\u00f6\u00f6partneriks Kas soovite oma m\u00fc\u00fcki suurendada? Meie intuitiivne platvorm teeb kinkekaartide loomise, levitamise ja m\u00fc\u00fcmise v\u00e4ga kergeks. Avastage t\u00e4iesti uus m\u00fc\u00fcgikanal ja viige klientide lojaalsus uuele tasemele. M\u00fc\u00fcge rohkem MyWebGift.com-i kaasabil \u00dchildage meie kinkekaardilahendus sujuvalt oma sotsiaalmeediaplatvormide ja veebipoodidega, et suurendada m\u00fc\u00fcki. Jooksvaid kulusid pole Liituge\u2026","rel":"","context":"Similar post","block_context":{"text":"Similar post","link":""},"img":{"alt_text":"","src":"https:\/\/i0.wp.com\/mywebgift.com\/wp-content\/uploads\/2024\/12\/GCard.png?fit=300%2C300&ssl=1&resize=350%2C200","width":350,"height":200},"classes":[]},{"id":3706,"url":"https:\/\/staging01.mywebgift.com\/et\/registeeri-partneriks\/","url_meta":{"origin":6861,"position":3},"title":"Hakka Koost\u00f6\u00f6partneriks","author":"Nataliia Ozirianska","date":"28\/07\/2024","format":false,"excerpt":"Registeeri Koost\u00f6\u00f6partneriks Miks valida meid? MyWebGiftis m\u00f5istame v\u00e4ikeettev\u00f5tete ees seisvaid v\u00e4ljakutseid ja meie meeskond on p\u00fchendunud nende lahendustele, mis teevad elu lihtsamaks. Meie intuitiivse digitaalsete kinkeaartidelahenduste platvormi kaasabil saate luua uue m\u00fc\u00fcgikanali ja tugevdada olemasolevaid kliendisuhteid. Meie eelised Kliendip\u00f5hised lahendused: kohandatud kinkekaardilahendused, mis vastavad teie soovidele ja vajadustele. Kergesti integreeritav:\u2026","rel":"","context":"Similar post","block_context":{"text":"Similar post","link":""},"img":{"alt_text":"Loading","src":"https:\/\/staging01.mywebgift.com\/wp-content\/plugins\/wpforms\/assets\/images\/submit-spin.svg","width":350,"height":200},"classes":[]},{"id":4660,"url":"https:\/\/staging01.mywebgift.com\/et\/votke-meiega-uhendust\/","url_meta":{"origin":6861,"position":4},"title":"V\u00f5tke \u00fchendust","author":"Nataliia Ozirianska","date":"29\/09\/2024","format":false,"excerpt":"V\u00f5tke \u00fchendust Meil on hea meel teid aidata! Kui on k\u00fcsimusi kinkekaartide kohta, vajad abi koost\u00f6\u00f6partneriks saamisel v\u00f5i millegi muu veebisaidiga seonduva kohta, siis meie meeskond on siin, et aidata. K\u00fcsimus v\u00f5i vajate abi? Saatke s\u00f5num ja me vastame ca 24\u201348 tunni jooksul. J\u00e4lgige meid sotsiaalmeedias Facebook Instagram Send a\u2026","rel":"","context":"Similar post","block_context":{"text":"Similar post","link":""},"img":{"alt_text":"","src":"","width":0,"height":0},"classes":[]},{"id":4664,"url":"https:\/\/staging01.mywebgift.com\/et\/partnerite-nimekiri\/","url_meta":{"origin":6861,"position":5},"title":"Meie koost\u00f6\u00f6partnerid","author":"Nataliia Ozirianska","date":"29\/09\/2024","format":false,"excerpt":"Meie koost\u00f6\u00f6partnerid","rel":"","context":"Similar post","block_context":{"text":"Similar post","link":""},"img":{"alt_text":"","src":"","width":0,"height":0},"classes":[]}],"_links":{"self":[{"href":"https:\/\/staging01.mywebgift.com\/et\/wp-json\/wp\/v2\/pages\/6861","targetHints":{"allow":["GET"]}}],"collection":[{"href":"https:\/\/staging01.mywebgift.com\/et\/wp-json\/wp\/v2\/pages"}],"about":[{"href":"https:\/\/staging01.mywebgift.com\/et\/wp-json\/wp\/v2\/types\/page"}],"author":[{"embeddable":true,"href":"https:\/\/staging01.mywebgift.com\/et\/wp-json\/wp\/v2\/users\/245174300"}],"replies":[{"embeddable":true,"href":"https:\/\/staging01.mywebgift.com\/et\/wp-json\/wp\/v2\/comments?post=6861"}],"version-history":[{"count":60,"href":"https:\/\/staging01.mywebgift.com\/et\/wp-json\/wp\/v2\/pages\/6861\/revisions"}],"predecessor-version":[{"id":7266,"href":"https:\/\/staging01.mywebgift.com\/et\/wp-json\/wp\/v2\/pages\/6861\/revisions\/7266"}],"wp:attachment":[{"href":"https:\/\/staging01.mywebgift.com\/et\/wp-json\/wp\/v2\/media?parent=6861"}],"curies":[{"name":"wp","href":"https:\/\/api.w.org\/{rel}","templated":true}]}}